{"id":258,"date":"2018-01-22T10:17:40","date_gmt":"2018-01-22T14:17:40","guid":{"rendered":"http:\/\/new.bani.gob.do\/transparencia\/?page_id=258"},"modified":"2021-06-14T14:32:41","modified_gmt":"2021-06-14T18:32:41","slug":"responsable-de-acceso-a-la-informacion","status":"publish","type":"page","link":"https:\/\/ayuntamientobani.gob.do\/transparencia\/responsable-de-acceso-a-la-informacion\/","title":{"rendered":"Responsable de Acceso a la Informaci\u00f3n"},"content":{"rendered":"<h4 class=\"paragraph ng-attr-widget\"><strong>Sra. Angela Pol\u00a0Mej\u00eda<\/strong><br \/>\n<strong>Responsable de Acceso a la Informaci\u00f3n (RAI)<\/strong><br \/>\nTel\u00e9fono: 809-346-4300<br \/>\nExtensi\u00f3n: 289<br \/>\nCorreo electr\u00f3nico: oai@bani.gob.do<\/h4>\n","protected":false},"excerpt":{"rendered":"Sra. Angela Pol\u00a0Mej\u00eda Responsable de Acceso a la Informaci\u00f3n (RAI) Tel\u00e9fono: 809-346-4300 Extensi\u00f3n: 289 Correo electr\u00f3nico: oai@bani.gob.do","protected":false},"author":3,"featured_media":0,"parent":0,"menu_order":0,"comment_status":"closed","ping_status":"closed","template":"","meta":[],"_links":{"self":[{"href":"https:\/\/ayuntamientobani.gob.do\/transparencia\/wp-json\/wp\/v2\/pages\/258"}],"collection":[{"href":"https:\/\/ayuntamientobani.gob.do\/transparencia\/wp-json\/wp\/v2\/pages"}],"about":[{"href":"https:\/\/ayuntamientobani.gob.do\/transparencia\/wp-json\/wp\/v2\/types\/page"}],"author":[{"embeddable":true,"href":"https:\/\/ayuntamientobani.gob.do\/transparencia\/wp-json\/wp\/v2\/users\/3"}],"replies":[{"embeddable":true,"href":"https:\/\/ayuntamientobani.gob.do\/transparencia\/wp-json\/wp\/v2\/comments?post=258"}],"version-history":[{"count":6,"href":"https:\/\/ayuntamientobani.gob.do\/transparencia\/wp-json\/wp\/v2\/pages\/258\/revisions"}],"predecessor-version":[{"id":2010,"href":"https:\/\/ayuntamientobani.gob.do\/transparencia\/wp-json\/wp\/v2\/pages\/258\/revisions\/2010"}],"wp:attachment":[{"href":"https:\/\/ayuntamientobani.gob.do\/transparencia\/wp-json\/wp\/v2\/media?parent=258"}],"curies":[{"name":"wp","href":"https:\/\/api.w.org\/{rel}","templated":true}]}}