{"id":78,"date":"2017-12-12T11:24:21","date_gmt":"2017-12-12T15:24:21","guid":{"rendered":"http:\/\/ayuntamiento.guineo\/transparencia\/?page_id=78"},"modified":"2019-10-03T14:05:44","modified_gmt":"2019-10-03T18:05:44","slug":"definicion-oaim-oficina-de-acceso-a-la-informacion-municipal","status":"publish","type":"page","link":"https:\/\/ayuntamientobani.gob.do\/transparencia\/definicion-oaim-oficina-de-acceso-a-la-informacion-municipal\/","title":{"rendered":"Definici\u00f3n OAIM (Oficina de Acceso a la Informaci\u00f3n Municipal)"},"content":{"rendered":"<p>La Oficina de Acceso a la Informaci\u00f3n (OAI), es un mandato de la Ley General de Libre Acceso a la Informaci\u00f3n P\u00fablica Ley 200-04 y el Decreto No. 130-05 que crea el reglamento de dicha ley, con el objetivo de apoyar a entidades y personas tanto p\u00fablicas como privadas mediante las informaciones solicitadas.<\/p>\n<p><strong>Visi\u00f3n<\/strong><\/p>\n<p>Ser reconocida en el \u00e1mbito p\u00fablico como una instituci\u00f3n integra que promueve la transparencia y la participaci\u00f3n del ciudadano.<\/p>\n<p><strong>Misi\u00f3n<\/strong><\/p>\n<p>Atender al derecho que tienen las personas de recibir informaci\u00f3n completa veraz, adecuada y oportuna garantizando la calidad en el servicio y la confiabilidad de las mismas.<\/p>\n<p>Valores<\/p>\n<p>Responsabilidades, transparencia, vocaci\u00f3n de servicio, honestidad y eficiencia.<\/p>\n<p><strong>Definici\u00f3n RAI<\/strong><\/p>\n<p>El Encargado de Acceso a la Informaci\u00f3n, es el responsable de recolectar, sistematizar y difundir las informaciones requeridas, y ser el canal de comunicaci\u00f3n entre la instituci\u00f3n, ciudadanos y ciudadanas.<\/p>\n<p><strong>Responsabilidad del RAI\u00a0<\/strong><\/p>\n<ul>\n<li>Recibir y tramitar las solicitudes de libre acceso a la informaci\u00f3n.<\/li>\n<li>Ayudar al ciudadano en el llenado del formulario.<\/li>\n<li>Entrega de acuse de recibo al solicitante.<\/li>\n<li>Informar y orientar a los solicitantes al respeto de otras instituciones u organismos que pudieran tener la respuesta a la informaci\u00f3n solicitada.<\/li>\n<li>Realizar los tr\u00e1mites necesarios, dentro de la instituci\u00f3n para entregar informaci\u00f3n con eficiencia, veraz y oportuna.<\/li>\n<li>Efectuar las notificaciones a los solicitantes.<\/li>\n<li>Llevar un archivo de las solicitudes de acceso a la informaci\u00f3n, sus antecedentes y tramitaci\u00f3n, resultados y costos.<\/li>\n<li>Elaborar estad\u00edsticas y balances de gesti\u00f3n de su \u00e1rea en materia de acceso a la informaci\u00f3n.<\/li>\n<li>Poner a disposici\u00f3n de la ciudadan\u00eda tanto como en el portal de la instituci\u00f3n, como en el mural del ayuntamiento.<\/li>\n<\/ul>\n","protected":false},"excerpt":{"rendered":"La Oficina de Acceso a la Informaci\u00f3n (OAI), es un mandato de la Ley General de Libre Acceso a la Informaci\u00f3n P\u00fablica Ley 200-04 y el Decreto No. 130-05 que crea el reglamento de dicha ley, con el objetivo de apoyar a entidades y personas tanto p\u00fablicas como privadas mediante las informaciones solicitadas. Visi\u00f3n Ser&#8230;","protected":false},"author":3,"featured_media":0,"parent":0,"menu_order":0,"comment_status":"closed","ping_status":"closed","template":"","meta":[],"_links":{"self":[{"href":"https:\/\/ayuntamientobani.gob.do\/transparencia\/wp-json\/wp\/v2\/pages\/78"}],"collection":[{"href":"https:\/\/ayuntamientobani.gob.do\/transparencia\/wp-json\/wp\/v2\/pages"}],"about":[{"href":"https:\/\/ayuntamientobani.gob.do\/transparencia\/wp-json\/wp\/v2\/types\/page"}],"author":[{"embeddable":true,"href":"https:\/\/ayuntamientobani.gob.do\/transparencia\/wp-json\/wp\/v2\/users\/3"}],"replies":[{"embeddable":true,"href":"https:\/\/ayuntamientobani.gob.do\/transparencia\/wp-json\/wp\/v2\/comments?post=78"}],"version-history":[{"count":4,"href":"https:\/\/ayuntamientobani.gob.do\/transparencia\/wp-json\/wp\/v2\/pages\/78\/revisions"}],"predecessor-version":[{"id":1144,"href":"https:\/\/ayuntamientobani.gob.do\/transparencia\/wp-json\/wp\/v2\/pages\/78\/revisions\/1144"}],"wp:attachment":[{"href":"https:\/\/ayuntamientobani.gob.do\/transparencia\/wp-json\/wp\/v2\/media?parent=78"}],"curies":[{"name":"wp","href":"https:\/\/api.w.org\/{rel}","templated":true}]}}